{"id":9,"date":"2021-05-11T13:41:40","date_gmt":"2021-05-11T11:41:40","guid":{"rendered":"https:\/\/www.garten-bronder-shop.com\/ratgeber\/?page_id=9"},"modified":"2022-01-06T13:18:12","modified_gmt":"2022-01-06T12:18:12","slug":"startseite","status":"publish","type":"page","link":"https:\/\/www.garten-bronder-shop.com\/ratgeber\/","title":{"rendered":"Startseite"},"content":{"rendered":"\t\t<div data-elementor-type=\"wp-page\" data-elementor-id=\"9\" class=\"elementor elementor-9\">\n\t\t\t\t\t\t\t\t\t<section class=\"elementor-section elementor-top-section elementor-element elementor-element-74249afd elementor-section-full_width elementor-section-height-default elementor-section-height-default\" data-id=\"74249afd\" data-element_type=\"section\">\n\t\t\t\t\t\t<div class=\"elementor-container elementor-column-gap-no\">\n\t\t\t\t\t<div class=\"elementor-column elementor-col-100 elementor-top-column elementor-element elementor-element-7b58c227\" data-id=\"7b58c227\" data-element_type=\"column\">\n\t\t\t<div class=\"elementor-widget-wrap elementor-element-populated\">\n\t\t\t\t\t\t\t\t<div class=\"elementor-element elementor-element-758a1168 elementor--h-position-center elementor--v-position-middle elementor-widget elementor-widget-slides\" data-id=\"758a1168\" data-element_type=\"widget\" data-settings=\"{&quot;navigation&quot;:&quot;none&quot;,&quot;autoplay&quot;:&quot;yes&quot;,&quot;pause_on_hover&quot;:&quot;yes&quot;,&quot;pause_on_interaction&quot;:&quot;yes&quot;,&quot;autoplay_speed&quot;:5000,&quot;infinite&quot;:&quot;yes&quot;,&quot;transition&quot;:&quot;slide&quot;,&quot;transition_speed&quot;:500}\" data-widget_type=\"slides.default\">\n\t\t\t\t<div class=\"elementor-widget-container\">\n\t\t\t\t\t<div class=\"elementor-swiper\">\n\t\t\t<div class=\"elementor-slides-wrapper elementor-main-swiper swiper-container\" dir=\"ltr\" data-animation=\"fadeInUp\">\n\t\t\t\t<div class=\"swiper-wrapper elementor-slides\">\n\t\t\t\t\t\t\t\t\t\t<div class=\"elementor-repeater-item-395adc6 swiper-slide\"><div class=\"swiper-slide-bg\"><\/div><div class=\"elementor-background-overlay\"><\/div><div class=\"swiper-slide-inner\" ><div class=\"swiper-slide-contents\"><div class=\"elementor-slide-heading\">Kreative Ideen f\u00fcr Ihren Garten<\/div><\/div><\/div><\/div>\t\t\t\t<\/div>\n\t\t\t\t\t\t\t<\/div>\n\t\t<\/div>\n\t\t\t\t<\/div>\n\t\t\t\t<\/div>\n\t\t\t\t\t<\/div>\n\t\t<\/div>\n\t\t\t\t\t\t\t<\/div>\n\t\t<\/section>\n\t\t\t\t<section class=\"elementor-section elementor-top-section elementor-element elementor-element-75774b6a elementor-section-boxed elementor-section-height-default elementor-section-height-default\" data-id=\"75774b6a\" data-element_type=\"section\">\n\t\t\t\t\t\t<div class=\"elementor-container elementor-column-gap-default\">\n\t\t\t\t\t<div class=\"elementor-column elementor-col-100 elementor-top-column elementor-element elementor-element-6b6dec38\" data-id=\"6b6dec38\" data-element_type=\"column\">\n\t\t\t<div class=\"elementor-widget-wrap elementor-element-populated\">\n\t\t\t\t\t\t\t\t<div class=\"elementor-element elementor-element-56dc5bb8 elementor-widget elementor-widget-heading\" data-id=\"56dc5bb8\" data-element_type=\"widget\" data-widget_type=\"heading.default\">\n\t\t\t\t<div class=\"elementor-widget-container\">\n\t\t\t<h1 class=\"elementor-heading-title elementor-size-default\">Aktuelle Gartentrends & Tipps<\/h1>\t\t<\/div>\n\t\t\t\t<\/div>\n\t\t\t\t<div class=\"elementor-element elementor-element-938829d elementor-widget elementor-widget-text-editor\" data-id=\"938829d\" data-element_type=\"widget\" data-widget_type=\"text-editor.default\">\n\t\t\t\t<div class=\"elementor-widget-container\">\n\t\t\t\t\t\t\tIhr eigenes Paradies daheim\t\t\t\t\t\t<\/div>\n\t\t\t\t<\/div>\n\t\t\t\t\t<\/div>\n\t\t<\/div>\n\t\t\t\t\t\t\t<\/div>\n\t\t<\/section>\n\t\t\t\t<section class=\"elementor-section elementor-top-section elementor-element elementor-element-3a59e1fc elementor-section-boxed elementor-section-height-default elementor-section-height-default\" data-id=\"3a59e1fc\" data-element_type=\"section\" id=\"db-gartenbronder\">\n\t\t\t\t\t\t<div class=\"elementor-container elementor-column-gap-default\">\n\t\t\t\t\t<div class=\"elementor-column elementor-col-100 elementor-top-column elementor-element elementor-element-3405b267\" data-id=\"3405b267\" data-element_type=\"column\">\n\t\t\t<div class=\"elementor-widget-wrap elementor-element-populated\">\n\t\t\t\t\t\t\t\t<div class=\"elementor-element elementor-element-2de1e200 elementor-posts--align-center db-gartengestaltung elementor-grid-3 elementor-grid-tablet-2 elementor-grid-mobile-1 elementor-posts--thumbnail-top elementor-posts__hover-gradient elementor-widget elementor-widget-posts\" data-id=\"2de1e200\" data-element_type=\"widget\" data-settings=\"{&quot;cards_masonry&quot;:&quot;yes&quot;,&quot;cards_columns&quot;:&quot;3&quot;,&quot;cards_columns_tablet&quot;:&quot;2&quot;,&quot;cards_columns_mobile&quot;:&quot;1&quot;,&quot;cards_row_gap&quot;:{&quot;unit&quot;:&quot;px&quot;,&quot;size&quot;:35,&quot;sizes&quot;:[]},&quot;cards_row_gap_tablet&quot;:{&quot;unit&quot;:&quot;px&quot;,&quot;size&quot;:&quot;&quot;,&quot;sizes&quot;:[]},&quot;cards_row_gap_mobile&quot;:{&quot;unit&quot;:&quot;px&quot;,&quot;size&quot;:&quot;&quot;,&quot;sizes&quot;:[]}}\" data-widget_type=\"posts.cards\">\n\t\t\t\t<div class=\"elementor-widget-container\">\n\t\t\t\t\t<div class=\"elementor-posts-container elementor-posts elementor-posts--skin-cards elementor-grid\">\n\t\t\t\t<article class=\"elementor-post elementor-grid-item post-4882 post type-post status-publish format-standard has-post-thumbnail hentry category-gartengestaltung\">\n\t\t\t<div class=\"elementor-post__card\">\n\t\t\t\t<a class=\"elementor-post__thumbnail__link\" href=\"https:\/\/www.garten-bronder-shop.com\/ratgeber\/pflanzenbilder-gruene-akzente-fuer-drinnen-und-draussen\/\" ><div class=\"elementor-post__thumbnail\"><img loading=\"lazy\" decoding=\"async\" width=\"300\" height=\"107\" src=\"https:\/\/www.garten-bronder-shop.com\/ratgeber\/wp-content\/uploads\/2026\/03\/Vertikale-Gaerten-und-Pflanzwaende-anlegen-\u2013-gruene-Waende-fuer-jeden-Garten-300x107.jpg\" class=\"attachment-medium size-medium wp-image-4903\" alt=\"Pflanzenbilder \u2013 gr\u00fcne Akzente f\u00fcr drinnen und drau\u00dfen\" srcset=\"https:\/\/www.garten-bronder-shop.com\/ratgeber\/wp-content\/uploads\/2026\/03\/Vertikale-Gaerten-und-Pflanzwaende-anlegen-\u2013-gruene-Waende-fuer-jeden-Garten-300x107.jpg 300w, https:\/\/www.garten-bronder-shop.com\/ratgeber\/wp-content\/uploads\/2026\/03\/Vertikale-Gaerten-und-Pflanzwaende-anlegen-\u2013-gruene-Waende-fuer-jeden-Garten-1024x366.jpg 1024w, https:\/\/www.garten-bronder-shop.com\/ratgeber\/wp-content\/uploads\/2026\/03\/Vertikale-Gaerten-und-Pflanzwaende-anlegen-\u2013-gruene-Waende-fuer-jeden-Garten-768x274.jpg 768w, https:\/\/www.garten-bronder-shop.com\/ratgeber\/wp-content\/uploads\/2026\/03\/Vertikale-Gaerten-und-Pflanzwaende-anlegen-\u2013-gruene-Waende-fuer-jeden-Garten.jpg 1120w\" sizes=\"auto, (max-width: 300px) 100vw, 300px\" title=\"\u00a9 Laci_10\/Shutterstock.com\" \/><\/div><\/a>\n\t\t\t\t<div class=\"elementor-post__text\">\n\t\t\t\t<h3 class=\"elementor-post__title\">\n\t\t\t<a href=\"https:\/\/www.garten-bronder-shop.com\/ratgeber\/pflanzenbilder-gruene-akzente-fuer-drinnen-und-draussen\/\" >\n\t\t\t\tPflanzenbilder \u2013 gr\u00fcne Akzente f\u00fcr drinnen und drau\u00dfen\t\t\t<\/a>\n\t\t<\/h3>\n\t\t\t\t<\/div>\n\t\t\t\t\t<\/div>\n\t\t<\/article>\n\t\t\t\t<article class=\"elementor-post elementor-grid-item post-4817 post type-post status-publish format-standard has-post-thumbnail hentry category-gartenpflanzen\">\n\t\t\t<div class=\"elementor-post__card\">\n\t\t\t\t<a class=\"elementor-post__thumbnail__link\" href=\"https:\/\/www.garten-bronder-shop.com\/ratgeber\/fertighecken-im-garten-schneller-sichtschutz-mit-nachhaltiger-wirkung\/\" ><div class=\"elementor-post__thumbnail\"><img loading=\"lazy\" decoding=\"async\" width=\"300\" height=\"107\" src=\"https:\/\/www.garten-bronder-shop.com\/ratgeber\/wp-content\/uploads\/2026\/03\/Fertighecken-im-Garten-\u2013-schneller-Sichtschutz-mit-nachhaltiger-Wirkung-300x107.jpg\" class=\"attachment-medium size-medium wp-image-4835\" alt=\"Fertighecken im Garten \u2013 schneller Sichtschutz mit nachhaltiger Wirkung\" srcset=\"https:\/\/www.garten-bronder-shop.com\/ratgeber\/wp-content\/uploads\/2026\/03\/Fertighecken-im-Garten-\u2013-schneller-Sichtschutz-mit-nachhaltiger-Wirkung-300x107.jpg 300w, https:\/\/www.garten-bronder-shop.com\/ratgeber\/wp-content\/uploads\/2026\/03\/Fertighecken-im-Garten-\u2013-schneller-Sichtschutz-mit-nachhaltiger-Wirkung-1024x366.jpg 1024w, https:\/\/www.garten-bronder-shop.com\/ratgeber\/wp-content\/uploads\/2026\/03\/Fertighecken-im-Garten-\u2013-schneller-Sichtschutz-mit-nachhaltiger-Wirkung-768x274.jpg 768w, https:\/\/www.garten-bronder-shop.com\/ratgeber\/wp-content\/uploads\/2026\/03\/Fertighecken-im-Garten-\u2013-schneller-Sichtschutz-mit-nachhaltiger-Wirkung.jpg 1120w\" sizes=\"auto, (max-width: 300px) 100vw, 300px\" title=\"\u00a9 Sandris Veveris\/Shutterstock.com\" \/><\/div><\/a>\n\t\t\t\t<div class=\"elementor-post__text\">\n\t\t\t\t<h3 class=\"elementor-post__title\">\n\t\t\t<a href=\"https:\/\/www.garten-bronder-shop.com\/ratgeber\/fertighecken-im-garten-schneller-sichtschutz-mit-nachhaltiger-wirkung\/\" >\n\t\t\t\tFertighecken im Garten \u2013 schneller Sichtschutz mit nachhaltiger Wirkung\t\t\t<\/a>\n\t\t<\/h3>\n\t\t\t\t<\/div>\n\t\t\t\t\t<\/div>\n\t\t<\/article>\n\t\t\t\t<article class=\"elementor-post elementor-grid-item post-4837 post type-post status-publish format-standard has-post-thumbnail hentry category-gartengestaltung\">\n\t\t\t<div class=\"elementor-post__card\">\n\t\t\t\t<a class=\"elementor-post__thumbnail__link\" href=\"https:\/\/www.garten-bronder-shop.com\/ratgeber\/der-schwammgarten-regenwasser-clever-nutzen-und-den-garten-klimaresilient-gestalten\/\" ><div class=\"elementor-post__thumbnail\"><img loading=\"lazy\" decoding=\"async\" width=\"300\" height=\"107\" src=\"https:\/\/www.garten-bronder-shop.com\/ratgeber\/wp-content\/uploads\/2026\/03\/Der-Schwammgarten-\u2013-Regenwasser-clever-nutzen-und-den-Garten-klimaresilient-gestalten-300x107.jpg\" class=\"attachment-medium size-medium wp-image-4859\" alt=\"Der Schwammgarten \u2013 Regenwasser clever nutzen und den Garten klimaresilient gestalten\" srcset=\"https:\/\/www.garten-bronder-shop.com\/ratgeber\/wp-content\/uploads\/2026\/03\/Der-Schwammgarten-\u2013-Regenwasser-clever-nutzen-und-den-Garten-klimaresilient-gestalten-300x107.jpg 300w, https:\/\/www.garten-bronder-shop.com\/ratgeber\/wp-content\/uploads\/2026\/03\/Der-Schwammgarten-\u2013-Regenwasser-clever-nutzen-und-den-Garten-klimaresilient-gestalten-1024x366.jpg 1024w, https:\/\/www.garten-bronder-shop.com\/ratgeber\/wp-content\/uploads\/2026\/03\/Der-Schwammgarten-\u2013-Regenwasser-clever-nutzen-und-den-Garten-klimaresilient-gestalten-768x274.jpg 768w, https:\/\/www.garten-bronder-shop.com\/ratgeber\/wp-content\/uploads\/2026\/03\/Der-Schwammgarten-\u2013-Regenwasser-clever-nutzen-und-den-Garten-klimaresilient-gestalten.jpg 1120w\" sizes=\"auto, (max-width: 300px) 100vw, 300px\" title=\"\u00a9 Molly Shannon\/Shutterstock.com\" \/><\/div><\/a>\n\t\t\t\t<div class=\"elementor-post__text\">\n\t\t\t\t<h3 class=\"elementor-post__title\">\n\t\t\t<a href=\"https:\/\/www.garten-bronder-shop.com\/ratgeber\/der-schwammgarten-regenwasser-clever-nutzen-und-den-garten-klimaresilient-gestalten\/\" >\n\t\t\t\tDer Schwammgarten \u2013 Regenwasser clever nutzen und den Garten klimaresilient gestalten\t\t\t<\/a>\n\t\t<\/h3>\n\t\t\t\t<\/div>\n\t\t\t\t\t<\/div>\n\t\t<\/article>\n\t\t\t\t<article class=\"elementor-post elementor-grid-item post-4861 post type-post status-publish format-standard has-post-thumbnail hentry category-gartenpflege\">\n\t\t\t<div class=\"elementor-post__card\">\n\t\t\t\t<a class=\"elementor-post__thumbnail__link\" href=\"https:\/\/www.garten-bronder-shop.com\/ratgeber\/staudenbeete-im-maerz-vorbereiten-rueckschnitt-bodenaktivierung-und-gesunder-neuaustrieb\/\" ><div class=\"elementor-post__thumbnail\"><img loading=\"lazy\" decoding=\"async\" width=\"300\" height=\"107\" src=\"https:\/\/www.garten-bronder-shop.com\/ratgeber\/wp-content\/uploads\/2026\/03\/Staudenbeete-im-Maerz-vorbereiten-\u2013-Rueckschnitt-Bodenaktivierung-und-gesunder-Neuaustrieb-300x107.jpg\" class=\"attachment-medium size-medium wp-image-4876\" alt=\"Staudenbeete im M\u00e4rz vorbereiten \u2013 R\u00fcckschnitt, Bodenaktivierung und gesunder Neuaustrieb\" srcset=\"https:\/\/www.garten-bronder-shop.com\/ratgeber\/wp-content\/uploads\/2026\/03\/Staudenbeete-im-Maerz-vorbereiten-\u2013-Rueckschnitt-Bodenaktivierung-und-gesunder-Neuaustrieb-300x107.jpg 300w, https:\/\/www.garten-bronder-shop.com\/ratgeber\/wp-content\/uploads\/2026\/03\/Staudenbeete-im-Maerz-vorbereiten-\u2013-Rueckschnitt-Bodenaktivierung-und-gesunder-Neuaustrieb-1024x366.jpg 1024w, https:\/\/www.garten-bronder-shop.com\/ratgeber\/wp-content\/uploads\/2026\/03\/Staudenbeete-im-Maerz-vorbereiten-\u2013-Rueckschnitt-Bodenaktivierung-und-gesunder-Neuaustrieb-768x274.jpg 768w, https:\/\/www.garten-bronder-shop.com\/ratgeber\/wp-content\/uploads\/2026\/03\/Staudenbeete-im-Maerz-vorbereiten-\u2013-Rueckschnitt-Bodenaktivierung-und-gesunder-Neuaustrieb.jpg 1120w\" sizes=\"auto, (max-width: 300px) 100vw, 300px\" title=\"\u00a9 Debu55y\/Shutterstock.com\" \/><\/div><\/a>\n\t\t\t\t<div class=\"elementor-post__text\">\n\t\t\t\t<h3 class=\"elementor-post__title\">\n\t\t\t<a href=\"https:\/\/www.garten-bronder-shop.com\/ratgeber\/staudenbeete-im-maerz-vorbereiten-rueckschnitt-bodenaktivierung-und-gesunder-neuaustrieb\/\" >\n\t\t\t\tStaudenbeete vorbereiten \u2013 R\u00fcckschnitt, Bodenaktivierung und gesunder Neuaustrieb\t\t\t<\/a>\n\t\t<\/h3>\n\t\t\t\t<\/div>\n\t\t\t\t\t<\/div>\n\t\t<\/article>\n\t\t\t\t<article class=\"elementor-post elementor-grid-item post-4792 post type-post status-publish format-standard has-post-thumbnail hentry category-gartenpflanzen\">\n\t\t\t<div class=\"elementor-post__card\">\n\t\t\t\t<a class=\"elementor-post__thumbnail__link\" href=\"https:\/\/www.garten-bronder-shop.com\/ratgeber\/vertikale-obst-und-gemuesegaerten-platzsparend-anlegen-und-pflegen\/\" ><div class=\"elementor-post__thumbnail\"><img loading=\"lazy\" decoding=\"async\" width=\"300\" height=\"107\" src=\"https:\/\/www.garten-bronder-shop.com\/ratgeber\/wp-content\/uploads\/2026\/02\/Vertikale-Obst-und-Gemuesegaerten-\u2013-platzsparend-anlegen-und-pflegen-300x107.jpg\" class=\"attachment-medium size-medium wp-image-4807\" alt=\"Vertikale Obst- und Gem\u00fcseg\u00e4rten \u2013 platzsparend anlegen und pflegen\" srcset=\"https:\/\/www.garten-bronder-shop.com\/ratgeber\/wp-content\/uploads\/2026\/02\/Vertikale-Obst-und-Gemuesegaerten-\u2013-platzsparend-anlegen-und-pflegen-300x107.jpg 300w, https:\/\/www.garten-bronder-shop.com\/ratgeber\/wp-content\/uploads\/2026\/02\/Vertikale-Obst-und-Gemuesegaerten-\u2013-platzsparend-anlegen-und-pflegen-1024x366.jpg 1024w, https:\/\/www.garten-bronder-shop.com\/ratgeber\/wp-content\/uploads\/2026\/02\/Vertikale-Obst-und-Gemuesegaerten-\u2013-platzsparend-anlegen-und-pflegen-768x274.jpg 768w, https:\/\/www.garten-bronder-shop.com\/ratgeber\/wp-content\/uploads\/2026\/02\/Vertikale-Obst-und-Gemuesegaerten-\u2013-platzsparend-anlegen-und-pflegen.jpg 1120w\" sizes=\"auto, (max-width: 300px) 100vw, 300px\" title=\"\u00a9 Nicole Piepgras\/Shutterstock.com\" \/><\/div><\/a>\n\t\t\t\t<div class=\"elementor-post__text\">\n\t\t\t\t<h3 class=\"elementor-post__title\">\n\t\t\t<a href=\"https:\/\/www.garten-bronder-shop.com\/ratgeber\/vertikale-obst-und-gemuesegaerten-platzsparend-anlegen-und-pflegen\/\" >\n\t\t\t\tVertikale Obst- und Gem\u00fcseg\u00e4rten \u2013 platzsparend anlegen und pflegen\t\t\t<\/a>\n\t\t<\/h3>\n\t\t\t\t<\/div>\n\t\t\t\t\t<\/div>\n\t\t<\/article>\n\t\t\t\t<article class=\"elementor-post elementor-grid-item post-4736 post type-post status-publish format-standard has-post-thumbnail hentry category-gartenpflege\">\n\t\t\t<div class=\"elementor-post__card\">\n\t\t\t\t<a class=\"elementor-post__thumbnail__link\" href=\"https:\/\/www.garten-bronder-shop.com\/ratgeber\/gartenwege-natursteinpfade-anlegen-gestalten-und-pflegen\/\" ><div class=\"elementor-post__thumbnail\"><img loading=\"lazy\" decoding=\"async\" width=\"300\" height=\"107\" src=\"https:\/\/www.garten-bronder-shop.com\/ratgeber\/wp-content\/uploads\/2026\/02\/Gartenwege-Natursteinpfade-\u2013-anlegen-gestalten-und-pflegen-300x107.jpg\" class=\"attachment-medium size-medium wp-image-4751\" alt=\"Gartenwege &amp; Natursteinpfade \u2013 anlegen, gestalten und pflegen\" srcset=\"https:\/\/www.garten-bronder-shop.com\/ratgeber\/wp-content\/uploads\/2026\/02\/Gartenwege-Natursteinpfade-\u2013-anlegen-gestalten-und-pflegen-300x107.jpg 300w, https:\/\/www.garten-bronder-shop.com\/ratgeber\/wp-content\/uploads\/2026\/02\/Gartenwege-Natursteinpfade-\u2013-anlegen-gestalten-und-pflegen-1024x366.jpg 1024w, https:\/\/www.garten-bronder-shop.com\/ratgeber\/wp-content\/uploads\/2026\/02\/Gartenwege-Natursteinpfade-\u2013-anlegen-gestalten-und-pflegen-768x274.jpg 768w, https:\/\/www.garten-bronder-shop.com\/ratgeber\/wp-content\/uploads\/2026\/02\/Gartenwege-Natursteinpfade-\u2013-anlegen-gestalten-und-pflegen.jpg 1120w\" sizes=\"auto, (max-width: 300px) 100vw, 300px\" title=\"\u00a9 Tilen Josar\/Shutterstock.com\" \/><\/div><\/a>\n\t\t\t\t<div class=\"elementor-post__text\">\n\t\t\t\t<h3 class=\"elementor-post__title\">\n\t\t\t<a href=\"https:\/\/www.garten-bronder-shop.com\/ratgeber\/gartenwege-natursteinpfade-anlegen-gestalten-und-pflegen\/\" >\n\t\t\t\tGartenwege &#038; Natursteinpfade \u2013 anlegen, gestalten und pflegen\t\t\t<\/a>\n\t\t<\/h3>\n\t\t\t\t<\/div>\n\t\t\t\t\t<\/div>\n\t\t<\/article>\n\t\t\t\t<\/div>\n\t\t\n\t\t\t\t<\/div>\n\t\t\t\t<\/div>\n\t\t\t\t\t<\/div>\n\t\t<\/div>\n\t\t\t\t\t\t\t<\/div>\n\t\t<\/section>\n\t\t\t\t\t\t\t<\/div>\n\t\t","protected":false},"excerpt":{"rendered":"<p>Kreative Ideen f\u00fcr Ihren Garten Aktuelle Gartentrends &#038; Tipps Ihr eigenes Paradies daheim<\/p>\n","protected":false},"author":1,"featured_media":0,"parent":0,"menu_order":0,"comment_status":"closed","ping_status":"closed","template":"","meta":{"footnotes":""},"class_list":["post-9","page","type-page","status-publish","hentry"],"yoast_head":"<!-- This site is optimized with the Yoast SEO plugin v19.14 - https:\/\/yoast.com\/wordpress\/plugins\/seo\/ -->\n<title>Kreative Ideen f\u00fcr Ihren Garten - Garten Bronder Ratgeber<\/title>\n<meta name=\"description\" content=\"Beim Garten Bronder Ratgeber finden Sie alles rund um den Garten \u2713kreative Ideen \u2713hilfreiche Tipps \u2713Gartengestaltung \u25bajetzt Inspirationen entdecken\" \/>\n<meta name=\"robots\" content=\"noindex, follow\" \/>\n<meta property=\"og:locale\" content=\"de_DE\" \/>\n<meta property=\"og:type\" content=\"article\" \/>\n<meta property=\"og:title\" content=\"Kreative Ideen f\u00fcr Ihren Garten - Garten Bronder Ratgeber\" \/>\n<meta property=\"og:description\" content=\"Beim Garten Bronder Ratgeber finden Sie alles rund um den Garten \u2713kreative Ideen \u2713hilfreiche Tipps \u2713Gartengestaltung \u25bajetzt Inspirationen entdecken\" \/>\n<meta property=\"og:url\" content=\"https:\/\/www.garten-bronder-shop.com\/ratgeber\/\" \/>\n<meta property=\"og:site_name\" content=\"Garten Bronder Ratgeber\" \/>\n<meta property=\"article:modified_time\" content=\"2022-01-06T12:18:12+00:00\" \/>\n<meta name=\"twitter:card\" content=\"summary_large_image\" \/>\n<meta name=\"twitter:label1\" content=\"Gesch\u00e4tzte Lesezeit\" \/>\n\t<meta name=\"twitter:data1\" content=\"2\u00a0Minuten\" \/>\n<script type=\"application\/ld+json\" class=\"yoast-schema-graph\">{\"@context\":\"https:\/\/schema.org\",\"@graph\":[{\"@type\":\"WebPage\",\"@id\":\"https:\/\/www.garten-bronder-shop.com\/ratgeber\/\",\"url\":\"https:\/\/www.garten-bronder-shop.com\/ratgeber\/\",\"name\":\"Kreative Ideen f\u00fcr Ihren Garten - Garten Bronder Ratgeber\",\"isPartOf\":{\"@id\":\"https:\/\/www.garten-bronder-shop.com\/ratgeber\/#website\"},\"datePublished\":\"2021-05-11T11:41:40+00:00\",\"dateModified\":\"2022-01-06T12:18:12+00:00\",\"description\":\"Beim Garten Bronder Ratgeber finden Sie alles rund um den Garten \u2713kreative Ideen \u2713hilfreiche Tipps \u2713Gartengestaltung \u25bajetzt Inspirationen entdecken\",\"breadcrumb\":{\"@id\":\"https:\/\/www.garten-bronder-shop.com\/ratgeber\/#breadcrumb\"},\"inLanguage\":\"de\",\"potentialAction\":[{\"@type\":\"ReadAction\",\"target\":[\"https:\/\/www.garten-bronder-shop.com\/ratgeber\/\"]}]},{\"@type\":\"BreadcrumbList\",\"@id\":\"https:\/\/www.garten-bronder-shop.com\/ratgeber\/#breadcrumb\",\"itemListElement\":[{\"@type\":\"ListItem\",\"position\":1,\"name\":\"Startseite\",\"item\":\"https:\/\/www.garten-bronder-shop.com\/ratgeber\/\"},{\"@type\":\"ListItem\",\"position\":2,\"name\":\"Startseite\"}]},{\"@type\":\"WebSite\",\"@id\":\"https:\/\/www.garten-bronder-shop.com\/ratgeber\/#website\",\"url\":\"https:\/\/www.garten-bronder-shop.com\/ratgeber\/\",\"name\":\"Garten Bronder Ratgeber\",\"description\":\"Garten Bronder Ratgeber\",\"publisher\":{\"@id\":\"https:\/\/www.garten-bronder-shop.com\/ratgeber\/#organization\"},\"potentialAction\":[{\"@type\":\"SearchAction\",\"target\":{\"@type\":\"EntryPoint\",\"urlTemplate\":\"https:\/\/www.garten-bronder-shop.com\/ratgeber\/?s={search_term_string}\"},\"query-input\":\"required name=search_term_string\"}],\"inLanguage\":\"de\"},{\"@type\":\"Organization\",\"@id\":\"https:\/\/www.garten-bronder-shop.com\/ratgeber\/#organization\",\"name\":\"Garten Bronder Ratgeber\",\"url\":\"https:\/\/www.garten-bronder-shop.com\/ratgeber\/\",\"logo\":{\"@type\":\"ImageObject\",\"inLanguage\":\"de\",\"@id\":\"https:\/\/www.garten-bronder-shop.com\/ratgeber\/#\/schema\/logo\/image\/\",\"url\":\"https:\/\/www.garten-bronder-shop.com\/ratgeber\/wp-content\/uploads\/2021\/05\/logo_garten-bronder.png\",\"contentUrl\":\"https:\/\/www.garten-bronder-shop.com\/ratgeber\/wp-content\/uploads\/2021\/05\/logo_garten-bronder.png\",\"width\":330,\"height\":64,\"caption\":\"Garten Bronder Ratgeber\"},\"image\":{\"@id\":\"https:\/\/www.garten-bronder-shop.com\/ratgeber\/#\/schema\/logo\/image\/\"}}]}<\/script>\n<!-- \/ Yoast SEO plugin. -->","yoast_head_json":{"title":"Kreative Ideen f\u00fcr Ihren Garten - Garten Bronder Ratgeber","description":"Beim Garten Bronder Ratgeber finden Sie alles rund um den Garten \u2713kreative Ideen \u2713hilfreiche Tipps \u2713Gartengestaltung \u25bajetzt Inspirationen entdecken","robots":{"index":"noindex","follow":"follow"},"og_locale":"de_DE","og_type":"article","og_title":"Kreative Ideen f\u00fcr Ihren Garten - Garten Bronder Ratgeber","og_description":"Beim Garten Bronder Ratgeber finden Sie alles rund um den Garten \u2713kreative Ideen \u2713hilfreiche Tipps \u2713Gartengestaltung \u25bajetzt Inspirationen entdecken","og_url":"https:\/\/www.garten-bronder-shop.com\/ratgeber\/","og_site_name":"Garten Bronder Ratgeber","article_modified_time":"2022-01-06T12:18:12+00:00","twitter_card":"summary_large_image","twitter_misc":{"Gesch\u00e4tzte Lesezeit":"2\u00a0Minuten"},"schema":{"@context":"https:\/\/schema.org","@graph":[{"@type":"WebPage","@id":"https:\/\/www.garten-bronder-shop.com\/ratgeber\/","url":"https:\/\/www.garten-bronder-shop.com\/ratgeber\/","name":"Kreative Ideen f\u00fcr Ihren Garten - Garten Bronder Ratgeber","isPartOf":{"@id":"https:\/\/www.garten-bronder-shop.com\/ratgeber\/#website"},"datePublished":"2021-05-11T11:41:40+00:00","dateModified":"2022-01-06T12:18:12+00:00","description":"Beim Garten Bronder Ratgeber finden Sie alles rund um den Garten \u2713kreative Ideen \u2713hilfreiche Tipps \u2713Gartengestaltung \u25bajetzt Inspirationen entdecken","breadcrumb":{"@id":"https:\/\/www.garten-bronder-shop.com\/ratgeber\/#breadcrumb"},"inLanguage":"de","potentialAction":[{"@type":"ReadAction","target":["https:\/\/www.garten-bronder-shop.com\/ratgeber\/"]}]},{"@type":"BreadcrumbList","@id":"https:\/\/www.garten-bronder-shop.com\/ratgeber\/#breadcrumb","itemListElement":[{"@type":"ListItem","position":1,"name":"Startseite","item":"https:\/\/www.garten-bronder-shop.com\/ratgeber\/"},{"@type":"ListItem","position":2,"name":"Startseite"}]},{"@type":"WebSite","@id":"https:\/\/www.garten-bronder-shop.com\/ratgeber\/#website","url":"https:\/\/www.garten-bronder-shop.com\/ratgeber\/","name":"Garten Bronder Ratgeber","description":"Garten Bronder Ratgeber","publisher":{"@id":"https:\/\/www.garten-bronder-shop.com\/ratgeber\/#organization"},"potentialAction":[{"@type":"SearchAction","target":{"@type":"EntryPoint","urlTemplate":"https:\/\/www.garten-bronder-shop.com\/ratgeber\/?s={search_term_string}"},"query-input":"required name=search_term_string"}],"inLanguage":"de"},{"@type":"Organization","@id":"https:\/\/www.garten-bronder-shop.com\/ratgeber\/#organization","name":"Garten Bronder Ratgeber","url":"https:\/\/www.garten-bronder-shop.com\/ratgeber\/","logo":{"@type":"ImageObject","inLanguage":"de","@id":"https:\/\/www.garten-bronder-shop.com\/ratgeber\/#\/schema\/logo\/image\/","url":"https:\/\/www.garten-bronder-shop.com\/ratgeber\/wp-content\/uploads\/2021\/05\/logo_garten-bronder.png","contentUrl":"https:\/\/www.garten-bronder-shop.com\/ratgeber\/wp-content\/uploads\/2021\/05\/logo_garten-bronder.png","width":330,"height":64,"caption":"Garten Bronder Ratgeber"},"image":{"@id":"https:\/\/www.garten-bronder-shop.com\/ratgeber\/#\/schema\/logo\/image\/"}}]}},"_links":{"self":[{"href":"https:\/\/www.garten-bronder-shop.com\/ratgeber\/wp-json\/wp\/v2\/pages\/9","targetHints":{"allow":["GET"]}}],"collection":[{"href":"https:\/\/www.garten-bronder-shop.com\/ratgeber\/wp-json\/wp\/v2\/pages"}],"about":[{"href":"https:\/\/www.garten-bronder-shop.com\/ratgeber\/wp-json\/wp\/v2\/types\/page"}],"author":[{"embeddable":true,"href":"https:\/\/www.garten-bronder-shop.com\/ratgeber\/wp-json\/wp\/v2\/users\/1"}],"replies":[{"embeddable":true,"href":"https:\/\/www.garten-bronder-shop.com\/ratgeber\/wp-json\/wp\/v2\/comments?post=9"}],"version-history":[{"count":32,"href":"https:\/\/www.garten-bronder-shop.com\/ratgeber\/wp-json\/wp\/v2\/pages\/9\/revisions"}],"predecessor-version":[{"id":1038,"href":"https:\/\/www.garten-bronder-shop.com\/ratgeber\/wp-json\/wp\/v2\/pages\/9\/revisions\/1038"}],"wp:attachment":[{"href":"https:\/\/www.garten-bronder-shop.com\/ratgeber\/wp-json\/wp\/v2\/media?parent=9"}],"curies":[{"name":"wp","href":"https:\/\/api.w.org\/{rel}","templated":true}]}}